{"id":72,"date":"2013-07-02T13:08:26","date_gmt":"2013-07-02T13:08:26","guid":{"rendered":"http:\/\/cri2.com\/web\/?page_id=72"},"modified":"2024-09-13T20:46:52","modified_gmt":"2024-09-13T18:46:52","slug":"instalaciones","status":"publish","type":"page","link":"https:\/\/www.cri2.com\/web\/instalaciones\/","title":{"rendered":"Instalaciones"},"content":{"rendered":"<p><strong>Redes<\/strong><\/p>\n<p>Dise\u00f1amos, implementamos y mantenemos su Red suministr\u00e1ndole todo lo necesario: equipos, programas, instalaci\u00f3n y mantenimiento.<\/p>\n<p>Unimos centros de trabajo a trav\u00e9s de conexiones seguras e instalamos servicios de acceso remoto a su Red, acceso VPN, mensajer\u00eda, MS&#8230;<\/p>\n<p>Redes cableadas, Wifi o mixtas.<\/p>\n<p>Instalaci\u00f3n de servidores f\u00edsicos o virtuales. Trabajo en la nube.<\/p>\n<p><strong>CCTV<\/strong><\/p>\n<p>Instalaciones y configuraci\u00f3n de sistemas de video vigilancia.<\/p>\n<p>C\u00e1maras IP fijas o m\u00f3viles.<br \/>\nGrabadores para c\u00e1maras IP.<br \/>\nAplicaciones de gesti\u00f3n y centralizaci\u00f3n de c\u00e1maras y grabadores.<br \/>\nC\u00e1maras de videovigilancia t\u00e9rmicas de visi\u00f3n nocturna fijas o m\u00f3viles.c\u00e1maras, grabadores.<\/p>\n<p><strong>Telefon\u00eda<\/strong><\/p>\n<p>Instalamos centralitas VoIP o mixtas. SI su empresa exporta, debe considerar esta opci\u00f3n como la mas interesante.<\/p>\n<p><strong>Conexiones Multisede<\/strong><\/p>\n<p>Configuramos redes corporativas, infraestructuras para teletrabajo y servicios centralizados<\/p>\n","protected":false},"excerpt":{"rendered":"<p>Redes Dise\u00f1amos, implementamos y mantenemos su Red suministr\u00e1ndole todo lo necesario: equipos, programas, instalaci\u00f3n y mantenimiento. Unimos centros de trabajo a trav\u00e9s de conexiones seguras e instalamos servicios de acceso remoto a su Red, acceso VPN, mensajer\u00eda, MS&#8230; Redes cableadas, Wifi o mixtas. Instalaci\u00f3n de servidores f\u00edsicos o virtuales. Trabajo en la nube. CCTV Instalaciones [&hellip;]<\/p>\n","protected":false},"author":1,"featured_media":0,"parent":0,"menu_order":0,"comment_status":"closed","ping_status":"closed","template":"","meta":{"footnotes":""},"class_list":["post-72","page","type-page","status-publish","czr-hentry"],"aioseo_notices":[],"_links":{"self":[{"href":"https:\/\/www.cri2.com\/web\/wp-json\/wp\/v2\/pages\/72","targetHints":{"allow":["GET"]}}],"collection":[{"href":"https:\/\/www.cri2.com\/web\/wp-json\/wp\/v2\/pages"}],"about":[{"href":"https:\/\/www.cri2.com\/web\/wp-json\/wp\/v2\/types\/page"}],"author":[{"embeddable":true,"href":"https:\/\/www.cri2.com\/web\/wp-json\/wp\/v2\/users\/1"}],"replies":[{"embeddable":true,"href":"https:\/\/www.cri2.com\/web\/wp-json\/wp\/v2\/comments?post=72"}],"version-history":[{"count":13,"href":"https:\/\/www.cri2.com\/web\/wp-json\/wp\/v2\/pages\/72\/revisions"}],"predecessor-version":[{"id":407,"href":"https:\/\/www.cri2.com\/web\/wp-json\/wp\/v2\/pages\/72\/revisions\/407"}],"wp:attachment":[{"href":"https:\/\/www.cri2.com\/web\/wp-json\/wp\/v2\/media?parent=72"}],"curies":[{"name":"wp","href":"https:\/\/api.w.org\/{rel}","templated":true}]}}