{"id":7,"date":"2013-07-02T07:48:05","date_gmt":"2013-07-02T07:48:05","guid":{"rendered":"http:\/\/cri2.com\/web\/?page_id=7"},"modified":"2020-06-27T23:12:58","modified_gmt":"2020-06-27T23:12:58","slug":"sat","status":"publish","type":"page","link":"https:\/\/www.cri2.com\/web\/sat\/","title":{"rendered":"SAT"},"content":{"rendered":"<table width=\"100%\" cellspacing=\"0\" cellpadding=\"0\" border=\"0\">\n<tbody>\n<tr>\n<td><strong>Sevicio de Asistencia T\u00e9cnica<\/strong><\/td>\n<\/tr>\n<\/tbody>\n<\/table>\n<p>Le ofrecemos un servicio de mantenimiento a la carta.<\/p>\n<p>Ponemos a punto sus equipos inform\u00e1ticos para que obtenga de ellos lo que espera; su mayor rendimiento.<\/p>\n<p>Monitorizamos sus ordenadores peri\u00f3dicamente inform\u00e1ndole de las acciones mas convenientes para mantener su equipos siempre a punto.<\/p>\n<p>Olv\u00eddese de la pesadilla de no disponer de su ordenador cuando mas lo necesita.<\/p>\n<p align=\"center\">Hablemos:&nbsp;<b><span style=\"font-size: small;\">&nbsp;&nbsp;<\/span><span style=\"color: #ff6600; font-family: Verdana; font-size: small;\">902 012 075<\/span><\/b><\/p>\n","protected":false},"excerpt":{"rendered":"<p>Sevicio de Asistencia T\u00e9cnica Le ofrecemos un servicio de mantenimiento a la carta. Ponemos a punto sus equipos inform\u00e1ticos para que obtenga de ellos lo que espera; su mayor rendimiento. Monitorizamos sus ordenadores peri\u00f3dicamente inform\u00e1ndole de las acciones mas convenientes para mantener su equipos siempre a punto. Olv\u00eddese de la pesadilla de no disponer de [&hellip;]<\/p>\n","protected":false},"author":1,"featured_media":337,"parent":0,"menu_order":1,"comment_status":"closed","ping_status":"closed","template":"","meta":{"footnotes":""},"class_list":["post-7","page","type-page","status-publish","has-post-thumbnail","czr-hentry"],"aioseo_notices":[],"_links":{"self":[{"href":"https:\/\/www.cri2.com\/web\/wp-json\/wp\/v2\/pages\/7","targetHints":{"allow":["GET"]}}],"collection":[{"href":"https:\/\/www.cri2.com\/web\/wp-json\/wp\/v2\/pages"}],"about":[{"href":"https:\/\/www.cri2.com\/web\/wp-json\/wp\/v2\/types\/page"}],"author":[{"embeddable":true,"href":"https:\/\/www.cri2.com\/web\/wp-json\/wp\/v2\/users\/1"}],"replies":[{"embeddable":true,"href":"https:\/\/www.cri2.com\/web\/wp-json\/wp\/v2\/comments?post=7"}],"version-history":[{"count":9,"href":"https:\/\/www.cri2.com\/web\/wp-json\/wp\/v2\/pages\/7\/revisions"}],"predecessor-version":[{"id":338,"href":"https:\/\/www.cri2.com\/web\/wp-json\/wp\/v2\/pages\/7\/revisions\/338"}],"wp:featuredmedia":[{"embeddable":true,"href":"https:\/\/www.cri2.com\/web\/wp-json\/wp\/v2\/media\/337"}],"wp:attachment":[{"href":"https:\/\/www.cri2.com\/web\/wp-json\/wp\/v2\/media?parent=7"}],"curies":[{"name":"wp","href":"https:\/\/api.w.org\/{rel}","templated":true}]}}