{"id":65,"date":"2013-07-02T12:14:09","date_gmt":"2013-07-02T12:14:09","guid":{"rendered":"http:\/\/cri2.com\/web\/?page_id=65"},"modified":"2014-02-10T14:32:37","modified_gmt":"2014-02-10T12:32:37","slug":"asistencia-y-configuracion","status":"publish","type":"page","link":"https:\/\/www.cri2.com\/web\/sat\/asistencia-y-configuracion\/","title":{"rendered":"Asistencia y Configuraci\u00f3n"},"content":{"rendered":"<p>\u00bfTiene problemas con su instalaci\u00f3n?&#8230; \u00bfNo sabe a quien acudir?.<\/p>\n<p>Nuestra empresa les asistir\u00e1 en su domicilio o en remoto para cualquier asunto relacionado con nuestros Servicios. Puesta en marcha del correo electr\u00f3nico, configuraci\u00f3n de navegadores, instrucci\u00f3n en el manejo de los Servicios. Hacemos nuestros esos inconvenientes para solucionarlos y que Ud. no se preocupe de ellos.<\/p>\n","protected":false},"excerpt":{"rendered":"<p>\u00bfTiene problemas con su instalaci\u00f3n?&#8230; \u00bfNo sabe a quien acudir?. Nuestra empresa les asistir\u00e1 en su domicilio o en remoto para cualquier asunto relacionado con nuestros Servicios. Puesta en marcha del correo electr\u00f3nico, configuraci\u00f3n de navegadores, instrucci\u00f3n en el manejo de los Servicios. Hacemos nuestros esos inconvenientes para solucionarlos y que Ud. no se preocupe [&hellip;]<\/p>\n","protected":false},"author":1,"featured_media":0,"parent":7,"menu_order":5,"comment_status":"closed","ping_status":"closed","template":"","meta":{"footnotes":""},"class_list":["post-65","page","type-page","status-publish","czr-hentry"],"aioseo_notices":[],"_links":{"self":[{"href":"https:\/\/www.cri2.com\/web\/wp-json\/wp\/v2\/pages\/65","targetHints":{"allow":["GET"]}}],"collection":[{"href":"https:\/\/www.cri2.com\/web\/wp-json\/wp\/v2\/pages"}],"about":[{"href":"https:\/\/www.cri2.com\/web\/wp-json\/wp\/v2\/types\/page"}],"author":[{"embeddable":true,"href":"https:\/\/www.cri2.com\/web\/wp-json\/wp\/v2\/users\/1"}],"replies":[{"embeddable":true,"href":"https:\/\/www.cri2.com\/web\/wp-json\/wp\/v2\/comments?post=65"}],"version-history":[{"count":3,"href":"https:\/\/www.cri2.com\/web\/wp-json\/wp\/v2\/pages\/65\/revisions"}],"predecessor-version":[{"id":241,"href":"https:\/\/www.cri2.com\/web\/wp-json\/wp\/v2\/pages\/65\/revisions\/241"}],"up":[{"embeddable":true,"href":"https:\/\/www.cri2.com\/web\/wp-json\/wp\/v2\/pages\/7"}],"wp:attachment":[{"href":"https:\/\/www.cri2.com\/web\/wp-json\/wp\/v2\/media?parent=65"}],"curies":[{"name":"wp","href":"https:\/\/api.w.org\/{rel}","templated":true}]}}