{"id":58,"date":"2013-07-02T12:08:40","date_gmt":"2013-07-02T12:08:40","guid":{"rendered":"http:\/\/cri2.com\/web\/?page_id=58"},"modified":"2013-07-02T12:08:52","modified_gmt":"2013-07-02T12:08:52","slug":"su-pagina-web","status":"publish","type":"page","link":"https:\/\/www.cri2.com\/web\/internet\/su-pagina-web\/","title":{"rendered":"Su p\u00e1gina Web"},"content":{"rendered":"<p>El \u00e9xito de un sitio Web se basa en la realizaci\u00f3n de una serie de pasos claramente identificados y que son:<\/p>\n<p>DISE\u00d1O, CONSTRUCCI\u00d3N, PUBLICACI\u00d3N Y PROMOCI\u00d3N<\/p>\n<p>Participamos activamente en cada una de las fases del proceso y le proporcionamos la herramienta para que su imagen de empresa se traslade fielmente a Internet.<\/p>\n<p>Un sitio web que desee tener \u00e9xito nunca debe permanecer est\u00e1tico a fin de mantener el inter\u00e9s de nuestros visitantes y generar provecho para su propietario, ser\u00e1 necesario realizar una labor continua de actualizaci\u00f3n, mejoras, depuraci\u00f3n de errores, modificaci\u00f3n de las bases de datos asociadas, etc.<\/p>\n<p>Los sistemas actuales permiten auto-gestionar su p\u00e1gina sin conocimientos especializados con todas las ventajas que conlleva<\/p>\n","protected":false},"excerpt":{"rendered":"<p>El \u00e9xito de un sitio Web se basa en la realizaci\u00f3n de una serie de pasos claramente identificados y que son: DISE\u00d1O, CONSTRUCCI\u00d3N, PUBLICACI\u00d3N Y PROMOCI\u00d3N Participamos activamente en cada una de las fases del proceso y le proporcionamos la herramienta para que su imagen de empresa se traslade fielmente a Internet. Un sitio web [&hellip;]<\/p>\n","protected":false},"author":1,"featured_media":0,"parent":11,"menu_order":2,"comment_status":"closed","ping_status":"closed","template":"","meta":{"footnotes":""},"class_list":["post-58","page","type-page","status-publish","czr-hentry"],"aioseo_notices":[],"_links":{"self":[{"href":"https:\/\/www.cri2.com\/web\/wp-json\/wp\/v2\/pages\/58","targetHints":{"allow":["GET"]}}],"collection":[{"href":"https:\/\/www.cri2.com\/web\/wp-json\/wp\/v2\/pages"}],"about":[{"href":"https:\/\/www.cri2.com\/web\/wp-json\/wp\/v2\/types\/page"}],"author":[{"embeddable":true,"href":"https:\/\/www.cri2.com\/web\/wp-json\/wp\/v2\/users\/1"}],"replies":[{"embeddable":true,"href":"https:\/\/www.cri2.com\/web\/wp-json\/wp\/v2\/comments?post=58"}],"version-history":[{"count":2,"href":"https:\/\/www.cri2.com\/web\/wp-json\/wp\/v2\/pages\/58\/revisions"}],"predecessor-version":[{"id":60,"href":"https:\/\/www.cri2.com\/web\/wp-json\/wp\/v2\/pages\/58\/revisions\/60"}],"up":[{"embeddable":true,"href":"https:\/\/www.cri2.com\/web\/wp-json\/wp\/v2\/pages\/11"}],"wp:attachment":[{"href":"https:\/\/www.cri2.com\/web\/wp-json\/wp\/v2\/media?parent=58"}],"curies":[{"name":"wp","href":"https:\/\/api.w.org\/{rel}","templated":true}]}}