{"id":54,"date":"2013-07-02T12:03:48","date_gmt":"2013-07-02T12:03:48","guid":{"rendered":"http:\/\/cri2.com\/web\/?page_id=54"},"modified":"2013-07-02T12:05:49","modified_gmt":"2013-07-02T12:05:49","slug":"dominios","status":"publish","type":"page","link":"https:\/\/www.cri2.com\/web\/internet\/dominios\/","title":{"rendered":"Dominios"},"content":{"rendered":"<p>Es imprescindible para tener presencia en Internet registrar el \u00abnombre\u00bb por el que podremos ser reconocidos y encontrados en la Red.<\/p>\n<p>Si la empresa desarrolla una actividad comercial de \u00e1mbito local, y tiene problemas de disponibilidad del .com, le aconsejamos que se registre con dominios .es o .cat : ( www.suempresa.es o \u00a0www.suempresa.cat)<\/p>\n<p>En cambio es m\u00e1s adecuado la terminaci\u00f3n .com para actividades comerciales y m\u00e1s si su actividad se desenvuelve en \u00e1mbitos internacionales: (www.suempresa.com)<\/p>\n<p>Nosotros nos encargamos de todo el proceso: buscar, registrar y mantener su Dominio.<\/p>\n","protected":false},"excerpt":{"rendered":"<p>Es imprescindible para tener presencia en Internet registrar el \u00abnombre\u00bb por el que podremos ser reconocidos y encontrados en la Red. Si la empresa desarrolla una actividad comercial de \u00e1mbito local, y tiene problemas de disponibilidad del .com, le aconsejamos que se registre con dominios .es o .cat : ( www.suempresa.es o \u00a0www.suempresa.cat) En cambio [&hellip;]<\/p>\n","protected":false},"author":1,"featured_media":0,"parent":11,"menu_order":0,"comment_status":"closed","ping_status":"closed","template":"","meta":{"footnotes":""},"class_list":["post-54","page","type-page","status-publish","czr-hentry"],"aioseo_notices":[],"_links":{"self":[{"href":"https:\/\/www.cri2.com\/web\/wp-json\/wp\/v2\/pages\/54","targetHints":{"allow":["GET"]}}],"collection":[{"href":"https:\/\/www.cri2.com\/web\/wp-json\/wp\/v2\/pages"}],"about":[{"href":"https:\/\/www.cri2.com\/web\/wp-json\/wp\/v2\/types\/page"}],"author":[{"embeddable":true,"href":"https:\/\/www.cri2.com\/web\/wp-json\/wp\/v2\/users\/1"}],"replies":[{"embeddable":true,"href":"https:\/\/www.cri2.com\/web\/wp-json\/wp\/v2\/comments?post=54"}],"version-history":[{"count":2,"href":"https:\/\/www.cri2.com\/web\/wp-json\/wp\/v2\/pages\/54\/revisions"}],"predecessor-version":[{"id":57,"href":"https:\/\/www.cri2.com\/web\/wp-json\/wp\/v2\/pages\/54\/revisions\/57"}],"up":[{"embeddable":true,"href":"https:\/\/www.cri2.com\/web\/wp-json\/wp\/v2\/pages\/11"}],"wp:attachment":[{"href":"https:\/\/www.cri2.com\/web\/wp-json\/wp\/v2\/media?parent=54"}],"curies":[{"name":"wp","href":"https:\/\/api.w.org\/{rel}","templated":true}]}}