{"id":41,"date":"2013-07-02T11:18:58","date_gmt":"2013-07-02T11:18:58","guid":{"rendered":"http:\/\/cri2.com\/web\/?page_id=41"},"modified":"2019-10-21T12:23:25","modified_gmt":"2019-10-21T10:23:25","slug":"tarifas","status":"publish","type":"page","link":"https:\/\/www.cri2.com\/web\/sat\/tarifas\/","title":{"rendered":"Tarifas"},"content":{"rendered":"<h2>Tarifas Contrato<\/h2>\n<p>En las tarifas con contrato se aplican siempre los m\u00e1ximos descuentos<\/p>\n<p>Desplazamiento hasta 20 km. de nuestra sede. 15,50\u20ac<br \/>\nPrecio por Km de desplazamiento a mas 20 km. de nuestra sede: 0,64\u20ac<br \/>\nElaboraci\u00f3n de presupuestos: sin cargo<\/p>\n<h2>Tarifas de Asistencia sin Contrato<\/h2>\n<p>Estas tarifas permiten disponer de asistencia sin ning\u00fan tipo de compromiso<\/p>\n<p>Desplazamiento hasta 20km de nuestra sede. 15,50\u20ac<br \/>\nPrecio por Km de desplazamiento a mas 20 km. de nuestra sede: 0,76\u20ac<br \/>\nElaboraci\u00f3n de presupuestos \/ hora 44,00\u20ac &#8211; No facturable si se acepta<\/p>\n<h6><em><strong><span style=\"color: #808080;\">Notas:<\/span><\/strong><\/em><br \/>\n<span style=\"color: #808080;\">Si desea disponer de nuestras tarifas y condiciones, por favor, <a title=\"Contactar\" href=\"http:\/\/cri2.com\/web\/contactar\/\">contacte con nosotros<\/a>. Las tarifas en s\u00e1bados y festivo tienen un incremento del 30%. \u00a0Facturaci\u00f3n m\u00ednima por asistencia: 1 h. Facturaci\u00f3n m\u00ednima por asistencia remota: 15 min.<\/span><\/h6>\n<h6><span style=\"color: #808080;\">Los precios No tienen IVA<\/span><\/h6>\n","protected":false},"excerpt":{"rendered":"<p>Tarifas Contrato En las tarifas con contrato se aplican siempre los m\u00e1ximos descuentos Desplazamiento hasta 20 km. de nuestra sede. 15,50\u20ac Precio por Km de desplazamiento a mas 20 km. de nuestra sede: 0,64\u20ac Elaboraci\u00f3n de presupuestos: sin cargo Tarifas de Asistencia sin Contrato Estas tarifas permiten disponer de asistencia sin ning\u00fan tipo de compromiso [&hellip;]<\/p>\n","protected":false},"author":1,"featured_media":0,"parent":7,"menu_order":2,"comment_status":"closed","ping_status":"closed","template":"","meta":{"footnotes":""},"class_list":["post-41","page","type-page","status-publish","czr-hentry"],"aioseo_notices":[],"_links":{"self":[{"href":"https:\/\/www.cri2.com\/web\/wp-json\/wp\/v2\/pages\/41","targetHints":{"allow":["GET"]}}],"collection":[{"href":"https:\/\/www.cri2.com\/web\/wp-json\/wp\/v2\/pages"}],"about":[{"href":"https:\/\/www.cri2.com\/web\/wp-json\/wp\/v2\/types\/page"}],"author":[{"embeddable":true,"href":"https:\/\/www.cri2.com\/web\/wp-json\/wp\/v2\/users\/1"}],"replies":[{"embeddable":true,"href":"https:\/\/www.cri2.com\/web\/wp-json\/wp\/v2\/comments?post=41"}],"version-history":[{"count":20,"href":"https:\/\/www.cri2.com\/web\/wp-json\/wp\/v2\/pages\/41\/revisions"}],"predecessor-version":[{"id":308,"href":"https:\/\/www.cri2.com\/web\/wp-json\/wp\/v2\/pages\/41\/revisions\/308"}],"up":[{"embeddable":true,"href":"https:\/\/www.cri2.com\/web\/wp-json\/wp\/v2\/pages\/7"}],"wp:attachment":[{"href":"https:\/\/www.cri2.com\/web\/wp-json\/wp\/v2\/media?parent=41"}],"curies":[{"name":"wp","href":"https:\/\/api.w.org\/{rel}","templated":true}]}}