{"id":39,"date":"2013-07-02T11:01:10","date_gmt":"2013-07-02T11:01:10","guid":{"rendered":"http:\/\/cri2.com\/web\/?page_id=39"},"modified":"2013-07-05T16:44:03","modified_gmt":"2013-07-05T14:44:03","slug":"operatividad","status":"publish","type":"page","link":"https:\/\/www.cri2.com\/web\/sat\/operatividad\/","title":{"rendered":"Operatividad"},"content":{"rendered":"<p>Cada vez que los solicite, nuestros sistemas de verificaci\u00f3n establecer\u00e1n una conexi\u00f3n con sus ordenadores a verificar.<\/p>\n<p>Esta conexi\u00f3n se establece punto a punto a trav\u00e9s de Internet y de forma segura \u2013datos encriptados- que garantizan la privacidad de la comunicaci\u00f3n.<\/p>\n<p>Se inicia el proceso de verificaci\u00f3n del ordenador conectado y se determinan las correcciones que se deben hacer para garantizar los elementos bajo supervisi\u00f3n, antivirus, Sistema operativo, cach\u00e9, archivos in\u00fatiles&#8230;y se termina generando un informe de la situaci\u00f3n acompa\u00f1ado de las medidas que se deben tomar para mantener el sistema en perfecto estado.<\/p>\n<p>Algunas de estas medidas se resuelven de forma autom\u00e1tica y otras deben ser consultadas y aprobadas por el responsable de su empresa.<\/p>\n","protected":false},"excerpt":{"rendered":"<p>Cada vez que los solicite, nuestros sistemas de verificaci\u00f3n establecer\u00e1n una conexi\u00f3n con sus ordenadores a verificar. Esta conexi\u00f3n se establece punto a punto a trav\u00e9s de Internet y de forma segura \u2013datos encriptados- que garantizan la privacidad de la comunicaci\u00f3n. Se inicia el proceso de verificaci\u00f3n del ordenador conectado y se determinan las correcciones [&hellip;]<\/p>\n","protected":false},"author":1,"featured_media":0,"parent":7,"menu_order":1,"comment_status":"closed","ping_status":"closed","template":"","meta":{"footnotes":""},"class_list":["post-39","page","type-page","status-publish","czr-hentry"],"aioseo_notices":[],"_links":{"self":[{"href":"https:\/\/www.cri2.com\/web\/wp-json\/wp\/v2\/pages\/39","targetHints":{"allow":["GET"]}}],"collection":[{"href":"https:\/\/www.cri2.com\/web\/wp-json\/wp\/v2\/pages"}],"about":[{"href":"https:\/\/www.cri2.com\/web\/wp-json\/wp\/v2\/types\/page"}],"author":[{"embeddable":true,"href":"https:\/\/www.cri2.com\/web\/wp-json\/wp\/v2\/users\/1"}],"replies":[{"embeddable":true,"href":"https:\/\/www.cri2.com\/web\/wp-json\/wp\/v2\/comments?post=39"}],"version-history":[{"count":3,"href":"https:\/\/www.cri2.com\/web\/wp-json\/wp\/v2\/pages\/39\/revisions"}],"predecessor-version":[{"id":163,"href":"https:\/\/www.cri2.com\/web\/wp-json\/wp\/v2\/pages\/39\/revisions\/163"}],"up":[{"embeddable":true,"href":"https:\/\/www.cri2.com\/web\/wp-json\/wp\/v2\/pages\/7"}],"wp:attachment":[{"href":"https:\/\/www.cri2.com\/web\/wp-json\/wp\/v2\/media?parent=39"}],"curies":[{"name":"wp","href":"https:\/\/api.w.org\/{rel}","templated":true}]}}