{"id":25,"date":"2013-07-02T08:33:14","date_gmt":"2013-07-02T08:33:14","guid":{"rendered":"http:\/\/cri2.com\/web\/?page_id=25"},"modified":"2013-07-03T10:58:40","modified_gmt":"2013-07-03T08:58:40","slug":"politica-de-privacidad","status":"publish","type":"page","link":"https:\/\/www.cri2.com\/web\/politica-de-privacidad\/","title":{"rendered":"Pol\u00edtica de Privacidad"},"content":{"rendered":"<table width=\"375\" border=\"0\" cellspacing=\"0\" cellpadding=\"0\">\n<tbody>\n<tr>\n<td colspan=\"2\" valign=\"top\" width=\"373\" height=\"420\">Condiciones de Uso de la p\u00e1gina Web<\/p>\n<p align=\"left\">Mediante esta p\u00e1gina web se facilita el acceso al portal web de COMUNICACIONES, REDES, INFORM\u00c1TICA E INTERNET, S.L. (en adelante\u00a0\u00a0<strong>CRI2<\/strong>)\u00a0El hecho de conectarse a esta p\u00e1gina web implica la aceptaci\u00f3n del presente Aviso Legal. Nos reservamos el derecho a modificar en cualquier momento el aviso legal.<\/p>\n<p align=\"left\"><strong>Pol\u00edtica de privacidad<\/strong><\/p>\n<p align=\"left\">\u00a0<strong>CRI2<\/strong>\u00a0realiza dos tipos de captaci\u00f3n de datos: los personales y los no personales. Los datos no personales son el IP del visitante, ya que para fines estad\u00edsticos este despacho considera necesario saber el pa\u00eds de procedencia de la visita y el n\u00famero de las mismas. Estos datos son \u00fanicamente consultados por nuestro\u00a0 personal y nunca revelan datos que puedan identificar directa \u00f3 indirectamente al visitante de la p\u00e1gina web.<\/p>\n<p align=\"left\">Le informamos que esta web utiliza cookies.<\/p>\n<p align=\"left\"><strong><span style=\"line-height: 1.714285714; font-size: inherit;\">Propiedad Intelectual<\/span><\/strong><\/p>\n<p align=\"left\">Todos los contenidos del Portal, entendiendo por estos a t\u00edtulo meramente enunciativo los textos, fotograf\u00edas, gr\u00e1ficos, im\u00e1genes, iconos, tecnolog\u00eda, software, links y dem\u00e1s contenidos, as\u00ed como su dise\u00f1o gr\u00e1fico y c\u00f3digos fuente\u00a0 son propiedad intelectual de nuestra entidad, sin que puedan entenderse cedidos al Usuario ninguno de los derechos de explotaci\u00f3n sobre los mismos m\u00e1s all\u00e1 de lo estrictamente necesario para el correcto uso del Portal. Estos derechos est\u00e1n registrados en el Registro de la Propiedad Intelectual.<\/p>\n<p align=\"left\"><strong><span style=\"font-size: inherit; line-height: 24px;\">Propiedad Industrial, protecci\u00f3n del dominio<\/span><\/strong><\/p>\n<p align=\"left\">Los dominios propiedad de\u00a0<strong>CRI2\u00a0<\/strong>est\u00e1 protegidos frente a cualquier intenci\u00f3n de usurpaci\u00f3n maliciosa de los mismos.<\/p>\n<p align=\"left\"><strong><span style=\"font-size: inherit; line-height: 24px;\">Cumplimiento de LSSI<\/span><\/strong><\/p>\n<p align=\"left\">En cumplimiento de lo dispuesto en el art\u00edculo 10 de la Ley de Servicios de la Sociedad de la Informaci\u00f3n y Comercio electr\u00f3nico (Ley 34\/2002) le informamos de los siguientes aspectos:<\/p>\n<p align=\"left\"><strong>CRI2<\/strong>\u00a0est\u00e1 en:<\/p>\n<p>Josep Vicen\u00e7 Foix, 34<br \/>\n08339 Vilassar de Dalt<br \/>\nBarcelona.<br \/>\nCIF.B64558000<br \/>\nTel. 902 012 075<\/p>\n<p align=\"left\"><strong>Datos de inscripci\u00f3n registral:<\/strong><\/p>\n<p align=\"left\">Inscrita en el Registro Mercantil de Barcelona al Tomo 39675, folio 0130, secci\u00f3n General, hoja: 350477\/\/\u00a0.<\/p>\n<p align=\"left\">E-mail de contacto:\u00a0<a href=\"mailto:atencion%20arroba%20cri2.com\">atencion arroba cri2.com<\/a><\/p>\n<p align=\"left\"><strong><span style=\"font-size: inherit; line-height: 24px;\">Compromisos de este portal<\/span><\/strong><\/p>\n<p align=\"left\">Esta delegaci\u00f3n no utilizar\u00e1 material protegido por propiedad intelectual o industrial perteneciente a terceros ni utilizar\u00e1 esa p\u00e1gina de ning\u00fan modo que pudiera incurrir en competencia desleal.<\/p>\n<p align=\"left\"><strong>Exclusi\u00f3n de responsabilidad<\/strong><\/p>\n<p align=\"left\"><strong>CRI2\u00a0<\/strong>declina cualquier tipo de responsabilidad el uso malicioso que pudiera hacerse por parte de un tercero al conectarse usted a nuestra web.<\/p>\n<p align=\"left\">Asimismo, no se responsabiliza del da\u00f1o que se pudiera derivar por un incorrecto uso de esta web o a alguno de los portales que aparezcan como hiperv\u00ednculos en nuestra web.<\/p>\n<p align=\"left\"><strong><span style=\"font-size: inherit; line-height: 24px;\">Ley aplicable y jurisdicci\u00f3n<\/span><\/strong><\/p>\n<p align=\"left\">Para cualquier controversia relacionada con el presente aviso legal las partes aceptan el sometimiento expreso a los juzgados de Matar\u00f3.<\/p>\n<\/td>\n<\/tr>\n<tr>\n<td colspan=\"2\" width=\"373\" height=\"19\"><span style=\"color: #333333;\">\u00a0<\/span><\/td>\n<\/tr>\n<\/tbody>\n<\/table>\n","protected":false},"excerpt":{"rendered":"<p>Condiciones de Uso de la p\u00e1gina Web Mediante esta p\u00e1gina web se facilita el acceso al portal web de COMUNICACIONES, REDES, INFORM\u00c1TICA E INTERNET, S.L. (en adelante\u00a0\u00a0CRI2)\u00a0El hecho de conectarse a esta p\u00e1gina web implica la aceptaci\u00f3n del presente Aviso Legal. Nos reservamos el derecho a modificar en cualquier momento el aviso legal. Pol\u00edtica de [&hellip;]<\/p>\n","protected":false},"author":1,"featured_media":0,"parent":0,"menu_order":10,"comment_status":"closed","ping_status":"closed","template":"","meta":{"footnotes":""},"class_list":["post-25","page","type-page","status-publish","czr-hentry"],"aioseo_notices":[],"_links":{"self":[{"href":"https:\/\/www.cri2.com\/web\/wp-json\/wp\/v2\/pages\/25","targetHints":{"allow":["GET"]}}],"collection":[{"href":"https:\/\/www.cri2.com\/web\/wp-json\/wp\/v2\/pages"}],"about":[{"href":"https:\/\/www.cri2.com\/web\/wp-json\/wp\/v2\/types\/page"}],"author":[{"embeddable":true,"href":"https:\/\/www.cri2.com\/web\/wp-json\/wp\/v2\/users\/1"}],"replies":[{"embeddable":true,"href":"https:\/\/www.cri2.com\/web\/wp-json\/wp\/v2\/comments?post=25"}],"version-history":[{"count":12,"href":"https:\/\/www.cri2.com\/web\/wp-json\/wp\/v2\/pages\/25\/revisions"}],"predecessor-version":[{"id":132,"href":"https:\/\/www.cri2.com\/web\/wp-json\/wp\/v2\/pages\/25\/revisions\/132"}],"wp:attachment":[{"href":"https:\/\/www.cri2.com\/web\/wp-json\/wp\/v2\/media?parent=25"}],"curies":[{"name":"wp","href":"https:\/\/api.w.org\/{rel}","templated":true}]}}