{"id":11,"date":"2013-07-02T07:56:58","date_gmt":"2013-07-02T07:56:58","guid":{"rendered":"http:\/\/cri2.com\/web\/?page_id=11"},"modified":"2014-05-02T17:36:05","modified_gmt":"2014-05-02T15:36:05","slug":"internet","status":"publish","type":"page","link":"https:\/\/www.cri2.com\/web\/internet\/","title":{"rendered":"Internet"},"content":{"rendered":"<p>Nuestra gama de servicios cubre cada apartado para darle presencia y servicios en Internet.<\/p>\n<p>Registramos y administramos sus dominios, dise\u00f1amos junto a Ud. su p\u00e1gina Web, implementamos correo electr\u00f3nico, promocionamos su p\u00e1gina y le damos el mantenimiento necesario para que no se preocupe de nada m\u00e1s que de seguir atendiendo a su Empresa aprovechando las ventajas de estas tecnolog\u00edas.<\/p>\n<p>Imagen mejorada, nuevos clientes, m\u00e1s agilidad en sus comunicaciones y menor coste, son claras ventajas que no puede desaprovechar.<\/p>\n","protected":false},"excerpt":{"rendered":"<p>Nuestra gama de servicios cubre cada apartado para darle presencia y servicios en Internet. Registramos y administramos sus dominios, dise\u00f1amos junto a Ud. su p\u00e1gina Web, implementamos correo electr\u00f3nico, promocionamos su p\u00e1gina y le damos el mantenimiento necesario para que no se preocupe de nada m\u00e1s que de seguir atendiendo a su Empresa aprovechando las [&hellip;]<\/p>\n","protected":false},"author":1,"featured_media":230,"parent":0,"menu_order":2,"comment_status":"closed","ping_status":"closed","template":"","meta":{"footnotes":""},"class_list":["post-11","page","type-page","status-publish","has-post-thumbnail","czr-hentry"],"aioseo_notices":[],"_links":{"self":[{"href":"https:\/\/www.cri2.com\/web\/wp-json\/wp\/v2\/pages\/11","targetHints":{"allow":["GET"]}}],"collection":[{"href":"https:\/\/www.cri2.com\/web\/wp-json\/wp\/v2\/pages"}],"about":[{"href":"https:\/\/www.cri2.com\/web\/wp-json\/wp\/v2\/types\/page"}],"author":[{"embeddable":true,"href":"https:\/\/www.cri2.com\/web\/wp-json\/wp\/v2\/users\/1"}],"replies":[{"embeddable":true,"href":"https:\/\/www.cri2.com\/web\/wp-json\/wp\/v2\/comments?post=11"}],"version-history":[{"count":9,"href":"https:\/\/www.cri2.com\/web\/wp-json\/wp\/v2\/pages\/11\/revisions"}],"predecessor-version":[{"id":255,"href":"https:\/\/www.cri2.com\/web\/wp-json\/wp\/v2\/pages\/11\/revisions\/255"}],"wp:featuredmedia":[{"embeddable":true,"href":"https:\/\/www.cri2.com\/web\/wp-json\/wp\/v2\/media\/230"}],"wp:attachment":[{"href":"https:\/\/www.cri2.com\/web\/wp-json\/wp\/v2\/media?parent=11"}],"curies":[{"name":"wp","href":"https:\/\/api.w.org\/{rel}","templated":true}]}}