{"id":105,"date":"2013-07-02T19:09:07","date_gmt":"2013-07-02T17:09:07","guid":{"rendered":"http:\/\/cri2.com\/web\/?page_id=105"},"modified":"2023-12-05T11:49:44","modified_gmt":"2023-12-05T09:49:44","slug":"ofertatablet","status":"publish","type":"page","link":"https:\/\/www.cri2.com\/web\/ofertatablet\/","title":{"rendered":"Tienda Online"},"content":{"rendered":"<p style=\"text-align: left;\"><strong>\u00a1Mas de 200.000 art\u00edculos a su disposici\u00f3n!<\/strong><\/p>\n<p style=\"text-align: left;\">Podr\u00e1 encontrar todo lo que busca en equipos inform\u00e1ticos, complementos para \u00a0port\u00e1til, tablets, todo lo necesario para su oficina y muchas cosas mas !<\/p>\n<div id=\"attachment_385\" style=\"width: 1042px\" class=\"wp-caption alignnone\"><a href=\"https:\/\/www.ofertatablet.com\/es\/\" target=\"_blank\" rel=\"https:\/\/www.ofertatablet.com noopener\"><img loading=\"lazy\" decoding=\"async\" aria-describedby=\"caption-attachment-385\" class=\"wp-image-385 size-full\" title=\"Oferta Tablet\" src=\"https:\/\/www.cri2.com\/web\/wp-content\/uploads\/2021\/04\/ofertatablet00.png\" alt=\"Oferta Tablet\" width=\"1032\" height=\"576\" srcset=\"https:\/\/www.cri2.com\/web\/wp-content\/uploads\/2021\/04\/ofertatablet00.png 1032w, https:\/\/www.cri2.com\/web\/wp-content\/uploads\/2021\/04\/ofertatablet00-300x167.png 300w, https:\/\/www.cri2.com\/web\/wp-content\/uploads\/2021\/04\/ofertatablet00-1024x572.png 1024w, https:\/\/www.cri2.com\/web\/wp-content\/uploads\/2021\/04\/ofertatablet00-768x429.png 768w\" sizes=\"auto, (max-width: 1032px) 100vw, 1032px\" \/><\/a><p id=\"caption-attachment-385\" class=\"wp-caption-text\">Podr\u00e1 encontrar todo lo que busca en equipos inform\u00e1ticos, complementos para port\u00e1til, tablets, todo lo necesario para su oficina y muchas cosas mas !<\/p><\/div>\n","protected":false},"excerpt":{"rendered":"<p>\u00a1Mas de 200.000 art\u00edculos a su disposici\u00f3n! Podr\u00e1 encontrar todo lo que busca en equipos inform\u00e1ticos, complementos para \u00a0port\u00e1til, tablets, todo lo necesario para su oficina y muchas cosas mas !<\/p>\n","protected":false},"author":1,"featured_media":232,"parent":0,"menu_order":6,"comment_status":"closed","ping_status":"closed","template":"","meta":{"footnotes":""},"class_list":["post-105","page","type-page","status-publish","has-post-thumbnail","czr-hentry"],"aioseo_notices":[],"_links":{"self":[{"href":"https:\/\/www.cri2.com\/web\/wp-json\/wp\/v2\/pages\/105","targetHints":{"allow":["GET"]}}],"collection":[{"href":"https:\/\/www.cri2.com\/web\/wp-json\/wp\/v2\/pages"}],"about":[{"href":"https:\/\/www.cri2.com\/web\/wp-json\/wp\/v2\/types\/page"}],"author":[{"embeddable":true,"href":"https:\/\/www.cri2.com\/web\/wp-json\/wp\/v2\/users\/1"}],"replies":[{"embeddable":true,"href":"https:\/\/www.cri2.com\/web\/wp-json\/wp\/v2\/comments?post=105"}],"version-history":[{"count":26,"href":"https:\/\/www.cri2.com\/web\/wp-json\/wp\/v2\/pages\/105\/revisions"}],"predecessor-version":[{"id":401,"href":"https:\/\/www.cri2.com\/web\/wp-json\/wp\/v2\/pages\/105\/revisions\/401"}],"wp:featuredmedia":[{"embeddable":true,"href":"https:\/\/www.cri2.com\/web\/wp-json\/wp\/v2\/media\/232"}],"wp:attachment":[{"href":"https:\/\/www.cri2.com\/web\/wp-json\/wp\/v2\/media?parent=105"}],"curies":[{"name":"wp","href":"https:\/\/api.w.org\/{rel}","templated":true}]}}